{"id":7,"date":"2024-11-02T16:42:10","date_gmt":"2024-11-02T16:42:10","guid":{"rendered":"https:\/\/bs-wolfensberg.ch\/?page_id=7"},"modified":"2024-11-22T15:45:03","modified_gmt":"2024-11-22T15:45:03","slug":"mesmerize","status":"publish","type":"page","link":"https:\/\/bs-wolfensberg.ch\/","title":{"rendered":"Home"},"content":{"rendered":"<div  data-label=\"About\" data-id=\"about--1\" data-export-id=\"about-10\" data-category=\"about\" class=\"about-10 content-section content-section-spacing\" id=\"about-2\" style=\"background-color: rgb(245, 250, 253);\"><div  class=\"gridContainer\"> <div  class=\"row middle-sm text-center\"><div  class=\"col-sm-5 space-bottom-xs content-column\" data-type=\"column\">  <h2  class=\"\">\u2026bei den<br >Bogensch\u00fctzen Wolfensberg<\/h2> <p  class=\"\">\u201eklein aber fein soll er sein der Verein\u201c,\n<br >war das Motto bei der Gr\u00fcndung 2018 in Degersheim. Mittlerweile ist der Sitz des Vereins in Wila. <br >Das Bogenschiessen ist unsere grosse Leidenschaft, welche wir zusammen an Turniere, Meisterschaften und privat auf \u00f6ffentlichen Parcours aus\u00fcben. <br >Die Herzens-Disziplin aller ist 3D. Aber auch Feld\/Jagd sowie Indoor wird von einzelnen Sch\u00fctzen\/Sch\u00fctzinnen betrieben. Die Achtung der Natur und das Einhalten des Reglements nach FAAS sind f\u00fcr uns selbstverst\u00e4ndlich.<br >Wir k\u00f6nnen keine Trainingsm\u00f6glichkeiten anbieten, aber Du kannst in einem Schnupperkurs auf Anfrage das Bogenschiessen kennenlern.<br >Schiesst Du mit einem traditionellen Bogen, hast etwas Erfahrung und bist an unserem Verein interessiert, dann nimm mit uns Kontakt auf.&nbsp;<\/p> <a  class=\"button color1\" href=\"https:\/\/bs-wolfensberg.ch?page_id=43\" target=\"_blank\" data-cp-link=\"1\" rel=\"noopener\">Kontakt<\/a><\/div> <div  class=\"col-sm-7 flexbox middle-xs center-xs space-bottom-xs\"><div  class=\"overlay-box middle-xs center-xs flexbox\"> <div  class=\"overlay-box-offset offset-border shadow-medium border-color1 hide-xs\"><\/div> <img  decoding=\"async\" class=\"shadow-large\" data-size=\"485x705\" src=\"https:\/\/bs-wolfensberg.ch\/wp-content\/uploads\/2024\/11\/cropped-cropped-bogenstaender-scaled-1.jpg\" title=\"bogenst\u00e4nder\" alt=\"\"><\/div> <\/div><\/div> <\/div><\/div><div  data-label=\"Team\" data-id=\"team--1\" data-export-id=\"team-5\" data-category=\"team\" class=\"team-5 content-section content-section-spacing\" id=\"team-3\" style=\"background-color: rgb(245, 250, 253);\"><div  class=\"gridContainer\"> <div  class=\"row text-center\"><div  class=\"section-title-col\" data-type=\"column\"> <h2  class=\"\">Unser Vorstand<\/h2> <\/div> <\/div> <div  class=\"row spaced-cols content-center-sm\" data-type=\"row\">  <div  class=\"col-xs-12 col-sm-6 col-md-3 col-padding\"> <div  class=\"row \"> <div  data-type=\"column\" class=\"col-xs-12 col-sm-12\"> <img  decoding=\"async\" class=\"round face\" src=\"https:\/\/bs-wolfensberg.ch\/wp-content\/uploads\/2024\/11\/cropped-Gerry-scaled-1.jpg\" title=\"Gerry\" alt=\"\"> <h4  class=\"font-500\">Gerry T\u00fcrk<\/h4> <p  class=\"italic\">Pr\u00e4sident\n<br >gerry@bs-wolfensberg.ch<\/p>  <div  class=\"social-icons-group\" data-type=\"group\"> <a  href=\"https:\/\/bs-wolfensberg.ch\/gerry@bs-wolfensberg.ch\" target=\"_self\" rel=\"noopener\" data-reiki-hidden=\"true\"><i  class=\"gray fa icon fa-envelope\"><\/i><\/a> <a  href=\"#\" target=\"_self\" data-reiki-hidden=\"true\" rel=\"noopener\"><i  class=\"gray fa icon fa-twitter-square\"><\/i><\/a> <a  href=\"#\" target=\"_self\" data-reiki-hidden=\"true\" rel=\"noopener\"><i  class=\"gray fa icon fa-linkedin-square\"><\/i><\/a> <a  href=\"#\" target=\"_self\" data-reiki-hidden=\"true\" rel=\"noopener\"><i  class=\"gray fa icon fa-google-plus-square\"><\/i><\/a><\/div> <\/div><\/div> <\/div> <div  class=\"col-xs-12 col-sm-6 col-md-3 col-padding\"> <div  class=\"row \"> <div  data-type=\"column\" class=\"col-xs-12 col-sm-12\"> <img  decoding=\"async\" class=\"round face\" src=\"https:\/\/bs-wolfensberg.ch\/wp-content\/uploads\/2024\/11\/cropped-Angelique.jpg\" title=\"cropped-Angelique.jpg\" alt=\"\"> <h4  class=\"font-500\">Ang\u00e9lique Erdin<\/h4> <p  class=\"italic\">Aktuarin\n<br >angelique@bs-wolfensberg.ch<\/p>  <div  class=\"social-icons-group\" data-type=\"group\"> <a  href=\"#\" target=\"_self\" rel=\"noopener\" data-reiki-hidden=\"true\"><i  class=\"gray fa icon fa-envelope\"><\/i><\/a> <a  href=\"#\" target=\"_self\" data-reiki-hidden=\"true\" rel=\"noopener\"><i  class=\"gray fa icon fa-twitter-square\"><\/i><\/a> <a  href=\"#\" target=\"_self\" data-reiki-hidden=\"true\" rel=\"noopener\"><i  class=\"gray fa icon fa-linkedin-square\"><\/i><\/a> <a  href=\"#\" target=\"_self\" data-reiki-hidden=\"true\" rel=\"noopener\"><i  class=\"gray fa icon fa-google-plus-square\"><\/i><\/a><\/div> <\/div><\/div> <\/div>  <div  class=\"col-xs-12 col-sm-6 col-md-3 col-padding\"> <div  class=\"row \"> <div  data-type=\"column\" class=\"col-xs-12 col-sm-12\"> <img  decoding=\"async\" class=\"round face\" src=\"https:\/\/bs-wolfensberg.ch\/wp-content\/uploads\/2024\/11\/cropped-markus.jpg\" title=\"cropped-markus.jpg\" alt=\"\"> <h4  class=\"font-500\">Markus Aschwanden<\/h4> <p  class=\"small\" style=\"font-style: italic;\">Kassier\n<br >markus@bs-wolfensberg.ch<\/p>  <div  class=\"social-icons-group\" data-type=\"group\"> <a  href=\"#\" target=\"_self\" rel=\"noopener\" data-reiki-hidden=\"true\"><i  class=\"gray fa icon fa-envelope\"><\/i><\/a> <a  href=\"#\" target=\"_self\" data-reiki-hidden=\"true\" rel=\"noopener\"><i  class=\"gray fa icon fa-twitter-square\"><\/i><\/a> <a  href=\"#\" target=\"_self\" data-reiki-hidden=\"true\" rel=\"noopener\"><i  class=\"gray fa icon fa-linkedin-square\"><\/i><\/a> <a  href=\"#\" target=\"_self\" data-reiki-hidden=\"true\" rel=\"noopener\"><i  class=\"gray fa icon fa-google-plus-square\"><\/i><\/a><\/div> <\/div><\/div> <\/div>   <\/div> <\/div><\/div><div  id=\"latest-news-1\" style=\"background-color: #f5fafd;\" data-label=\"Latest-news\" data-id=\"blog-section\" data-export-id=\"blog-section\" data-category=\"latest_news\" class=\"blog-section blog-section-standard content-section content-section-spacing\"><div  class=\"gridContainer\"> <div  class=\"row\"><div  data-type=\"column\" class=\"section-title-col\"> <h2  class=\"\">Letzte News<\/h2> <p  class=\"lead\">\u2026\u2026.<\/p><\/div> <\/div> <div  class=\"row\"> <div  data-type=\"row\" data-dynamic-columns=\"handled\" data-content-shortcode=\"mesmerize_latest_news\">\t\t<div class=\"row center-sm content-left-sm\">\n\t\t\t\t\t<div id=\"post-1\" class=\"col-sm-6 col-md-4 space-bottom space-bottom-xs\">\n\t\t\t\t<div class=\"post-content card y-move bordered\">\n\t\t\t\t\t<div class=\"post-thumbnail\">\n   <a href=\"https:\/\/bs-wolfensberg.ch\/?p=1\" class=\"post-list-item-thumb \">\n      <img loading=\"lazy\" decoding=\"async\" width=\"1024\" height=\"1365\" src=\"https:\/\/bs-wolfensberg.ch\/wp-content\/uploads\/2024\/11\/IMG-20241102-WA0002-1024x1365.jpg\" class=\"attachment-post-thumbnail size-post-thumbnail wp-post-image\" alt=\"\" srcset=\"https:\/\/bs-wolfensberg.ch\/wp-content\/uploads\/2024\/11\/IMG-20241102-WA0002-1024x1365.jpg 1024w, https:\/\/bs-wolfensberg.ch\/wp-content\/uploads\/2024\/11\/IMG-20241102-WA0002-225x300.jpg 225w, https:\/\/bs-wolfensberg.ch\/wp-content\/uploads\/2024\/11\/IMG-20241102-WA0002-768x1024.jpg 768w, https:\/\/bs-wolfensberg.ch\/wp-content\/uploads\/2024\/11\/IMG-20241102-WA0002-1152x1536.jpg 1152w, https:\/\/bs-wolfensberg.ch\/wp-content\/uploads\/2024\/11\/IMG-20241102-WA0002-810x1080.jpg 810w, https:\/\/bs-wolfensberg.ch\/wp-content\/uploads\/2024\/11\/IMG-20241102-WA0002.jpg 1200w\" sizes=\"auto, (max-width: 1024px) 100vw, 1024px\" \/>   <\/a>\n<\/div>\n\t\t\t\t\t<div class=\"col-padding col-padding-xs\">\n\t\t\t\t\t\t<h3 class=\"post-title space-bottom-small\">\n\t\t\t\t\t\t\t<a href=\"https:\/\/bs-wolfensberg.ch\/?p=1\" rel=\"bookmark\">\n\t\t\t\t\t\t\t\tFAAS-Schweizermeisterschaft 3D in Quinto 12.10.\/13.10.2024\t\t\t\t\t\t\t<\/a>\n\t\t\t\t\t\t<\/h3>\n\t\t\t\t\t\t<p>Erfolgreiche Wolfensberger an der FAAS-Schweizermeisterschaft 3D in Quinto 12.10.\/13.10.2024<\/p>\n\t\t\t\t\t\t<a class=\"read-more link\" href=\"https:\/\/bs-wolfensberg.ch\/?p=1\">\n\t\t\t\t\t\t\tRead more\t\t\t\t\t\t<\/a>\n\t\t\t\t\t<\/div>\n\t\t\t\t<\/div>\n\t\t\t<\/div>\n\t\t\t\t\t\t<div id=\"post-179\" class=\"col-sm-6 col-md-4 space-bottom space-bottom-xs\">\n\t\t\t\t<div class=\"post-content card y-move bordered\">\n\t\t\t\t\t<div class=\"post-thumbnail\">\n   <a href=\"https:\/\/bs-wolfensberg.ch\/?p=179\" class=\"post-list-item-thumb \">\n      <img loading=\"lazy\" decoding=\"async\" width=\"1024\" height=\"768\" src=\"https:\/\/bs-wolfensberg.ch\/wp-content\/uploads\/2024\/11\/IMG_20240818_185420-1024x768.jpg\" class=\"attachment-post-thumbnail size-post-thumbnail wp-post-image\" alt=\"\" srcset=\"https:\/\/bs-wolfensberg.ch\/wp-content\/uploads\/2024\/11\/IMG_20240818_185420-1024x768.jpg 1024w, https:\/\/bs-wolfensberg.ch\/wp-content\/uploads\/2024\/11\/IMG_20240818_185420-300x225.jpg 300w, https:\/\/bs-wolfensberg.ch\/wp-content\/uploads\/2024\/11\/IMG_20240818_185420-768x576.jpg 768w, https:\/\/bs-wolfensberg.ch\/wp-content\/uploads\/2024\/11\/IMG_20240818_185420-1536x1152.jpg 1536w, https:\/\/bs-wolfensberg.ch\/wp-content\/uploads\/2024\/11\/IMG_20240818_185420-2048x1536.jpg 2048w, https:\/\/bs-wolfensberg.ch\/wp-content\/uploads\/2024\/11\/IMG_20240818_185420-1440x1080.jpg 1440w\" sizes=\"auto, (max-width: 1024px) 100vw, 1024px\" \/>   <\/a>\n<\/div>\n\t\t\t\t\t<div class=\"col-padding col-padding-xs\">\n\t\t\t\t\t\t<h3 class=\"post-title space-bottom-small\">\n\t\t\t\t\t\t\t<a href=\"https:\/\/bs-wolfensberg.ch\/?p=179\" rel=\"bookmark\">\n\t\t\t\t\t\t\t\tErfolgreiche Wolfensberger an der FAAS-Schweizermeisterschaft Feld\/Jagd Oberembrach 17.\/18.8.2024\t\t\t\t\t\t\t<\/a>\n\t\t\t\t\t\t<\/h3>\n\t\t\t\t\t\t<p>Team Langbogen Marcel Bader Gerry T\u00fcrk Gabriela Balmer&nbsp;Gold<\/p>\n\t\t\t\t\t\t<a class=\"read-more link\" href=\"https:\/\/bs-wolfensberg.ch\/?p=179\">\n\t\t\t\t\t\t\tRead more\t\t\t\t\t\t<\/a>\n\t\t\t\t\t<\/div>\n\t\t\t\t<\/div>\n\t\t\t<\/div>\n\t\t\t\t\t\t<div id=\"post-181\" class=\"col-sm-6 col-md-4 space-bottom space-bottom-xs\">\n\t\t\t\t<div class=\"post-content card y-move bordered\">\n\t\t\t\t\t<div class=\"post-thumbnail\">\n   <a href=\"https:\/\/bs-wolfensberg.ch\/?p=181\" class=\"post-list-item-thumb \">\n      <img loading=\"lazy\" decoding=\"async\" width=\"1024\" height=\"1365\" src=\"https:\/\/bs-wolfensberg.ch\/wp-content\/uploads\/2024\/03\/Foto-zu-Indoor-Bericht-1024x1365.jpg\" class=\"attachment-post-thumbnail size-post-thumbnail wp-post-image\" alt=\"\" srcset=\"https:\/\/bs-wolfensberg.ch\/wp-content\/uploads\/2024\/03\/Foto-zu-Indoor-Bericht-1024x1365.jpg 1024w, https:\/\/bs-wolfensberg.ch\/wp-content\/uploads\/2024\/03\/Foto-zu-Indoor-Bericht-225x300.jpg 225w, https:\/\/bs-wolfensberg.ch\/wp-content\/uploads\/2024\/03\/Foto-zu-Indoor-Bericht-768x1024.jpg 768w, https:\/\/bs-wolfensberg.ch\/wp-content\/uploads\/2024\/03\/Foto-zu-Indoor-Bericht-1152x1536.jpg 1152w, https:\/\/bs-wolfensberg.ch\/wp-content\/uploads\/2024\/03\/Foto-zu-Indoor-Bericht-1536x2048.jpg 1536w, https:\/\/bs-wolfensberg.ch\/wp-content\/uploads\/2024\/03\/Foto-zu-Indoor-Bericht-810x1080.jpg 810w, https:\/\/bs-wolfensberg.ch\/wp-content\/uploads\/2024\/03\/Foto-zu-Indoor-Bericht-scaled.jpg 1920w\" sizes=\"auto, (max-width: 1024px) 100vw, 1024px\" \/>   <\/a>\n<\/div>\n\t\t\t\t\t<div class=\"col-padding col-padding-xs\">\n\t\t\t\t\t\t<h3 class=\"post-title space-bottom-small\">\n\t\t\t\t\t\t\t<a href=\"https:\/\/bs-wolfensberg.ch\/?p=181\" rel=\"bookmark\">\n\t\t\t\t\t\t\t\tErfolgreiche Wolfensberger an der FAAS-Schweizermeisterschaft Indoor Wil 2.3.\/3.3.2024\t\t\t\t\t\t\t<\/a>\n\t\t\t\t\t\t<\/h3>\n\t\t\t\t\t\t<p>Gerry T\u00fcrk HB\u00a0M\u00e4nner BronzeGabriela Balmer\u00a0Langbogen Frauen Gold<\/p>\n\t\t\t\t\t\t<a class=\"read-more link\" href=\"https:\/\/bs-wolfensberg.ch\/?p=181\">\n\t\t\t\t\t\t\tRead more\t\t\t\t\t\t<\/a>\n\t\t\t\t\t<\/div>\n\t\t\t\t<\/div>\n\t\t\t<\/div>\n\t\t\t\t<\/div>\n\t<\/div><\/div> <div  class=\"row\"><div  class=\"text-center\"> <a  class=\"button color1\" data-attr-shortcode=\"href:mesmerize_blog_link\" href=\"https:\/\/bs-wolfensberg.ch\/?page_id=8\">SEE ALL BLOG POSTS<\/a><\/div> <\/div><\/div><\/div><div  id=\"contact-1\" data-label=\"Contact\" data-id=\"contact-1\" data-export-id=\"contact-1\" data-category=\"contact\" class=\"contact-1 content-section content-section-spacing white-text\" data-parallax-depth=\"20\" style=\"background-image: url(&quot;https:\/\/bs-wolfensberg.ch\/wp-content\/uploads\/2024\/11\/IMG_20210613_130501-1.jpg&quot;); background-size: cover; background-position: center top;\"><div  class=\"gridContainer\"> <div  class=\"row text-center\"><div  class=\"section-title-col\" data-type=\"column\"> <h2  class=\"\">Kontaktiere uns<\/h2> <p  class=\"lead\">Bist Du an unserem Verein oder an einem Schnupperkurs interessiert<br >oder \n<br >hat Du sonst ein Anliegen an uns, dann melde dich<\/p><\/div> <\/div> <div  class=\"row text-center\"> <div  class=\"col-xs-12 col-sm-8 col-sm-offset-2 contact-form-wrapper inline-info\"> <div  class=\"card large-padding\"> <div  class=\"\" data-content-shortcode=\"mesmerize_contact_form shortcode=&quot;contact-form-7 id=&amp;amp;quot;3a9280a&amp;amp;quot; title=&amp;amp;quot;Kontaktformular 1&amp;amp;quot;&quot;\" data-editable=\"true\">\n<div class=\"wpcf7 no-js\" id=\"wpcf7-f62-o1\" lang=\"de-DE\" dir=\"ltr\" data-wpcf7-id=\"62\">\n<div class=\"screen-reader-response\"><p role=\"status\" aria-live=\"polite\" aria-atomic=\"true\"><\/p> <ul><\/ul><\/div>\n<form action=\"\/index.php?rest_route=%2Fwp%2Fv2%2Fpages%2F7#wpcf7-f62-o1\" method=\"post\" class=\"wpcf7-form init\" aria-label=\"Kontaktformular\" novalidate=\"novalidate\" data-status=\"init\">\n<fieldset class=\"hidden-fields-container\"><input type=\"hidden\" name=\"_wpcf7\" value=\"62\" \/><input type=\"hidden\" name=\"_wpcf7_version\" value=\"6.1.5\" \/><input type=\"hidden\" name=\"_wpcf7_locale\" value=\"de_DE\" \/><input type=\"hidden\" name=\"_wpcf7_unit_tag\" value=\"wpcf7-f62-o1\" \/><input type=\"hidden\" name=\"_wpcf7_container_post\" value=\"0\" \/><input type=\"hidden\" name=\"_wpcf7_posted_data_hash\" value=\"\" \/>\n<\/fieldset>\n<p><label> Deine E-Mail-Adresse<br \/>\n<span class=\"wpcf7-form-control-wrap\" data-name=\"your-email\"><input size=\"40\" maxlength=\"400\" class=\"wpcf7-form-control wpcf7-email wpcf7-validates-as-required wpcf7-text wpcf7-validates-as-email\" aria-required=\"true\" aria-invalid=\"false\" value=\"\" type=\"email\" name=\"your-email\" \/><\/span> <\/label>\n<\/p>\n<p><label> Dein Vor- und Nachname<br \/>\n<span class=\"wpcf7-form-control-wrap\" data-name=\"your-subject\"><input size=\"40\" maxlength=\"400\" class=\"wpcf7-form-control wpcf7-text wpcf7-validates-as-required\" aria-required=\"true\" aria-invalid=\"false\" value=\"\" type=\"text\" name=\"your-subject\" \/><\/span> <\/label>\n<\/p>\n<p><label> Deine Nachricht<br \/>\n<span class=\"wpcf7-form-control-wrap\" data-name=\"your-message\"><textarea cols=\"40\" rows=\"10\" maxlength=\"2000\" class=\"wpcf7-form-control wpcf7-textarea\" aria-invalid=\"false\" name=\"your-message\"><\/textarea><\/span> <\/label>\n<\/p>\n<p><input class=\"wpcf7-form-control wpcf7-submit has-spinner\" type=\"submit\" value=\"Senden\" \/>\n<\/p><p style=\"display: none !important;\" class=\"akismet-fields-container\" data-prefix=\"_wpcf7_ak_\"><label>&#916;<textarea name=\"_wpcf7_ak_hp_textarea\" cols=\"45\" rows=\"8\" maxlength=\"100\"><\/textarea><\/label><input type=\"hidden\" id=\"ak_js_1\" name=\"_wpcf7_ak_js\" value=\"160\"\/><script>document.getElementById( \"ak_js_1\" ).setAttribute( \"value\", ( new Date() ).getTime() );<\/script><\/p><div class=\"wpcf7-response-output\" aria-hidden=\"true\"><\/div>\n<\/form>\n<\/div>\n<\/div><\/div> <\/div><\/div> <\/div><\/div>","protected":false},"excerpt":{"rendered":"<p>\u2026bei denBogensch\u00fctzen Wolfensberg \u201eklein aber fein soll er sein der Verein\u201c, war das Motto bei der Gr\u00fcndung 2018 in Degersheim. Mittlerweile ist der Sitz des Vereins in Wila. Das Bogenschiessen ist unsere grosse Leidenschaft, welche wir zusammen an Turniere, Meisterschaften und privat auf \u00f6ffentlichen Parcours aus\u00fcben. Die Herzens-Disziplin aller ist 3D. Aber auch Feld\/Jagd sowie&hellip; <br \/> <a class=\"read-more\" href=\"https:\/\/bs-wolfensberg.ch\/?p=181\">Weiterlesen<\/a><\/p>\n","protected":false},"author":1,"featured_media":0,"parent":0,"menu_order":0,"comment_status":"closed","ping_status":"closed","template":"page-templates\/homepage.php","meta":{"footnotes":""},"class_list":["post-7","page","type-page","status-publish","hentry"],"jetpack_sharing_enabled":true,"_links":{"self":[{"href":"https:\/\/bs-wolfensberg.ch\/index.php?rest_route=\/wp\/v2\/pages\/7","targetHints":{"allow":["GET"]}}],"collection":[{"href":"https:\/\/bs-wolfensberg.ch\/index.php?rest_route=\/wp\/v2\/pages"}],"about":[{"href":"https:\/\/bs-wolfensberg.ch\/index.php?rest_route=\/wp\/v2\/types\/page"}],"author":[{"embeddable":true,"href":"https:\/\/bs-wolfensberg.ch\/index.php?rest_route=\/wp\/v2\/users\/1"}],"replies":[{"embeddable":true,"href":"https:\/\/bs-wolfensberg.ch\/index.php?rest_route=%2Fwp%2Fv2%2Fcomments&post=7"}],"version-history":[{"count":25,"href":"https:\/\/bs-wolfensberg.ch\/index.php?rest_route=\/wp\/v2\/pages\/7\/revisions"}],"predecessor-version":[{"id":264,"href":"https:\/\/bs-wolfensberg.ch\/index.php?rest_route=\/wp\/v2\/pages\/7\/revisions\/264"}],"wp:attachment":[{"href":"https:\/\/bs-wolfensberg.ch\/index.php?rest_route=%2Fwp%2Fv2%2Fmedia&parent=7"}],"curies":[{"name":"wp","href":"https:\/\/api.w.org\/{rel}","templated":true}]}}